{"id":291,"date":"2025-04-08T09:48:06","date_gmt":"2025-04-08T09:48:06","guid":{"rendered":"https:\/\/tommes.informatica.gsf.nl\/?post_type=product&#038;p=291"},"modified":"2025-04-08T09:48:50","modified_gmt":"2025-04-08T09:48:50","slug":"taylormade-spider-tour-x-black-small-slant-putter-2025","status":"publish","type":"product","link":"https:\/\/tommes.informatica.gsf.nl\/?product=taylormade-spider-tour-x-black-small-slant-putter-2025","title":{"rendered":"TaylorMade Spider Tour X Black Small Slant Putter 2025"},"content":{"rendered":"<div class=\"titles-box\">\n<div class=\"container-wide\">\n<div class=\"titles row\">\n<div class=\"col-md-6\">\n<div class=\"title-wrap\">\n<h4>Extra Informatie<\/h4>\n<\/div>\n<\/div>\n<\/div>\n<\/div>\n<\/div>\n<div class=\"container-wide\">\n<div class=\"row\">\n<div class=\"col-md-6\">\n<div class=\"page\">\n<p>Na meer dan 20 jaar Spider-success komt TaylorMade voor seizoen 2025 met deze zwarte Spider Tour X putters in technisch ge\u00fcpdate uitvoering. Mooi, gevoelig, gecontroleerd&#8230; de controle over de stroke-lengte zal zeker weer tot de verbeelding spreken. De kwaliteit van de Spider (progressive) mallet-design putters wordt wereldwijd geroemd door zowel Tour pro&#8217;s als amateur golfers. De unieke balans in combinatie met de nieuwe True Path Alignment uitlijning en verbeterde Pure Roll insert brengt wel h\u00e9\u00e9l veel stabiliteit waardoor putten zeer gecontroleerd aanvoelt. Z\u00e9ker in de luxe, zwarte behuizing een fijne aanwinst voor in uw golftas.<\/p>\n<h4><sub>De techniek<\/sub><\/h4>\n<p>Deze zwarte 2025 Spider Tour X putters van TaylorMade leveren optimale stabiliteit waarbij\u00a0<em>TSS Weights<\/em>\u00a0(balansgewichtjes) naar voren zijn gepositioneerd om te zorgen voor een grotere slagvlakrotatie en 30\u00b0\u00a0<em>Toe-hang balans<\/em>. Daarnaast is er de al jaren bekende\u00a0<em>True Path Alignment<\/em>\u00a0ge\u00efntegreerd om golfers te helpen bij het visualiseren van de beoogde putting-lijn voor een betere nauwkeurigheid. Ook de verbeterde\u00a0<em>TPU Pure Roll Insert<\/em>\u00a0in het clubface (raakvlak) van de Spider die is gemaakt van\u00a0<em>Surlyn en aluminium<\/em>, is ge\u00efntegreerd. De groeven hierin zijn onder een hoek van 45\u00b0 geplaatst voor een optimale voorwaartse rol. Dit voorkomt dat de bal niet van het clubblad &#8216;springt&#8217; bij impact. De geperfectioneerde\u00a0<em>Precision Weighting<\/em>\u00a0zorgt voor een bijzondere stabiliteit en balans waarbij de\u00a0<em>Hybrar Echo Damping<\/em>\u00a0ongewenste trillingen neutraliseert en zorgt voor een Premium gevoel en geluid.<\/p>\n<h4><sub>Standaard uitvoering<\/sub><\/h4>\n<p>Deze TaylorMade Spider Tour-X Black 2025 putter is voorzien van de zwartgekleurde KBS CT PVD Stepless Puttershaft, fijn verdikte SuperStroke Pistol GTR 1.0 zwarte puttergrip en Small Slant shaft aansluiting op het clubhoofd.<\/p>\n<\/div>\n<\/div>\n<div class=\"col-md-5 col-md-offset-1\">\n<div class=\"page specs\">\n<table>\n<tbody>\n<tr>\n<td class=\"spec-title\"><strong>Speler<\/strong><\/td>\n<td>Uni<\/td>\n<\/tr>\n<tr>\n<td class=\"spec-title\"><strong>Kleur<\/strong><\/td>\n<td>Zwart Wit Bruin<\/td>\n<\/tr>\n<tr>\n<td class=\"spec-title\"><strong>Overall score<\/strong><\/td>\n<td>95<\/td>\n<\/tr>\n<tr>\n<td class=\"spec-title\"><strong>Techniek \/ innovatie<\/strong><\/td>\n<td>94<\/td>\n<\/tr>\n<tr>\n<td class=\"spec-title\"><strong>Afwerking \/ kwaliteit<\/strong><\/td>\n<td>95<\/td>\n<\/tr>\n<tr>\n<td class=\"spec-title\"><strong>Prijs &#8211; kwaliteit verhouding<\/strong><\/td>\n<td>92<\/td>\n<\/tr>\n<tr>\n<td class=\"spec-title\"><strong>Gevoel<\/strong><\/td>\n<td>96<\/td>\n<\/tr>\n<tr>\n<td class=\"spec-title\"><strong>Soort clubhoofd<\/strong><\/td>\n<td>Progressive Mallet Design<\/td>\n<\/tr>\n<tr>\n<td class=\"spec-title\"><strong>Shaft<\/strong><\/td>\n<td>KBS CT Black PVD Stepless Steel Shaft<\/td>\n<\/tr>\n<tr>\n<td class=\"spec-title\"><strong>Headcover<\/strong><\/td>\n<td>Ja<\/td>\n<\/tr>\n<tr>\n<td class=\"spec-title\"><strong>Overige<\/strong><\/td>\n<td>Tour model Rory McIlroy<\/td>\n<\/tr>\n<tr>\n<td class=\"spec-title\"><strong>Garantie<\/strong><\/td>\n<td>2 Jaar fabrieksgarantie<\/td>\n<\/tr>\n<\/tbody>\n<\/table>\n<\/div>\n<\/div>\n<\/div>\n<\/div>\n","protected":false},"excerpt":{"rendered":"<p>TaylorMade is al lang succesvol met het Spider concept. Deze zwarte Spider Tour X 2025 putter combineert de prestaties van een blade met de voordelen van een Mallet design: veel gevoel, balans en lengte controle. Face-balanced ontwerp, small slant hosel!<\/p>\n","protected":false},"featured_media":292,"comment_status":"open","ping_status":"closed","template":"","meta":{"iawp_total_views":2},"product_brand":[],"product_cat":[20],"product_tag":[],"class_list":{"0":"post-291","1":"product","2":"type-product","3":"status-publish","4":"has-post-thumbnail","6":"product_cat-clubs","8":"first","9":"instock","10":"sale","11":"shipping-taxable","12":"purchasable","13":"product-type-simple"},"yoast_head":"<!-- This site is optimized with the Yoast SEO plugin v27.3 - https:\/\/yoast.com\/product\/yoast-seo-wordpress\/ -->\n<title>TaylorMade Spider Tour X Black Small Slant Putter 2025 - Golf4all<\/title>\n<meta name=\"robots\" content=\"noindex, follow, max-snippet:-1, max-image-preview:large, max-video-preview:-1\" \/>\n<meta property=\"og:locale\" content=\"nl_NL\" \/>\n<meta property=\"og:type\" content=\"article\" \/>\n<meta property=\"og:title\" content=\"TaylorMade Spider Tour X Black Small Slant Putter 2025 - Golf4all\" \/>\n<meta property=\"og:description\" content=\"TaylorMade is al lang succesvol met het Spider concept. Deze zwarte Spider Tour X 2025 putter combineert de prestaties van een blade met de voordelen van een Mallet design: veel gevoel, balans en lengte controle. Face-balanced ontwerp, small slant hosel!\" \/>\n<meta property=\"og:url\" content=\"https:\/\/tommes.informatica.gsf.nl\/?product=taylormade-spider-tour-x-black-small-slant-putter-2025\" \/>\n<meta property=\"og:site_name\" content=\"Golf4all\" \/>\n<meta property=\"article:modified_time\" content=\"2025-04-08T09:48:50+00:00\" \/>\n<meta property=\"og:image\" content=\"https:\/\/tommes.informatica.gsf.nl\/wp-content\/uploads\/2025\/04\/taylormade-taylormade-spider-tour-x-black-small-sl.webp\" \/>\n\t<meta property=\"og:image:width\" content=\"750\" \/>\n\t<meta property=\"og:image:height\" content=\"750\" \/>\n\t<meta property=\"og:image:type\" content=\"image\/webp\" \/>\n<meta name=\"twitter:card\" content=\"summary_large_image\" \/>\n<meta name=\"twitter:label1\" content=\"Geschatte leestijd\" \/>\n\t<meta name=\"twitter:data1\" content=\"2 minuten\" \/>\n<script type=\"application\/ld+json\" class=\"yoast-schema-graph\">{\"@context\":\"https:\\\/\\\/schema.org\",\"@graph\":[{\"@type\":\"WebPage\",\"@id\":\"https:\\\/\\\/tommes.informatica.gsf.nl\\\/?product=taylormade-spider-tour-x-black-small-slant-putter-2025\",\"url\":\"https:\\\/\\\/tommes.informatica.gsf.nl\\\/?product=taylormade-spider-tour-x-black-small-slant-putter-2025\",\"name\":\"TaylorMade Spider Tour X Black Small Slant Putter 2025 - Golf4all\",\"isPartOf\":{\"@id\":\"https:\\\/\\\/tommes.informatica.gsf.nl\\\/#website\"},\"primaryImageOfPage\":{\"@id\":\"https:\\\/\\\/tommes.informatica.gsf.nl\\\/?product=taylormade-spider-tour-x-black-small-slant-putter-2025#primaryimage\"},\"image\":{\"@id\":\"https:\\\/\\\/tommes.informatica.gsf.nl\\\/?product=taylormade-spider-tour-x-black-small-slant-putter-2025#primaryimage\"},\"thumbnailUrl\":\"https:\\\/\\\/tommes.informatica.gsf.nl\\\/wp-content\\\/uploads\\\/2025\\\/04\\\/taylormade-taylormade-spider-tour-x-black-small-sl.webp\",\"datePublished\":\"2025-04-08T09:48:06+00:00\",\"dateModified\":\"2025-04-08T09:48:50+00:00\",\"breadcrumb\":{\"@id\":\"https:\\\/\\\/tommes.informatica.gsf.nl\\\/?product=taylormade-spider-tour-x-black-small-slant-putter-2025#breadcrumb\"},\"inLanguage\":\"nl-NL\",\"potentialAction\":[{\"@type\":\"ReadAction\",\"target\":[\"https:\\\/\\\/tommes.informatica.gsf.nl\\\/?product=taylormade-spider-tour-x-black-small-slant-putter-2025\"]}]},{\"@type\":\"ImageObject\",\"inLanguage\":\"nl-NL\",\"@id\":\"https:\\\/\\\/tommes.informatica.gsf.nl\\\/?product=taylormade-spider-tour-x-black-small-slant-putter-2025#primaryimage\",\"url\":\"https:\\\/\\\/tommes.informatica.gsf.nl\\\/wp-content\\\/uploads\\\/2025\\\/04\\\/taylormade-taylormade-spider-tour-x-black-small-sl.webp\",\"contentUrl\":\"https:\\\/\\\/tommes.informatica.gsf.nl\\\/wp-content\\\/uploads\\\/2025\\\/04\\\/taylormade-taylormade-spider-tour-x-black-small-sl.webp\",\"width\":750,\"height\":750},{\"@type\":\"BreadcrumbList\",\"@id\":\"https:\\\/\\\/tommes.informatica.gsf.nl\\\/?product=taylormade-spider-tour-x-black-small-slant-putter-2025#breadcrumb\",\"itemListElement\":[{\"@type\":\"ListItem\",\"position\":1,\"name\":\"Home\",\"item\":\"https:\\\/\\\/tommes.informatica.gsf.nl\\\/\"},{\"@type\":\"ListItem\",\"position\":2,\"name\":\"TaylorMade Spider Tour X Black Small Slant Putter 2025\"}]},{\"@type\":\"WebSite\",\"@id\":\"https:\\\/\\\/tommes.informatica.gsf.nl\\\/#website\",\"url\":\"https:\\\/\\\/tommes.informatica.gsf.nl\\\/\",\"name\":\"golf4all\",\"description\":\"Van groot tot klein, iedereen kan een golfer zijn\",\"potentialAction\":[{\"@type\":\"SearchAction\",\"target\":{\"@type\":\"EntryPoint\",\"urlTemplate\":\"https:\\\/\\\/tommes.informatica.gsf.nl\\\/?s={search_term_string}\"},\"query-input\":{\"@type\":\"PropertyValueSpecification\",\"valueRequired\":true,\"valueName\":\"search_term_string\"}}],\"inLanguage\":\"nl-NL\"}]}<\/script>\n<!-- \/ Yoast SEO plugin. -->","yoast_head_json":{"title":"TaylorMade Spider Tour X Black Small Slant Putter 2025 - Golf4all","robots":{"index":"noindex","follow":"follow","max-snippet":"max-snippet:-1","max-image-preview":"max-image-preview:large","max-video-preview":"max-video-preview:-1"},"og_locale":"nl_NL","og_type":"article","og_title":"TaylorMade Spider Tour X Black Small Slant Putter 2025 - Golf4all","og_description":"TaylorMade is al lang succesvol met het Spider concept. Deze zwarte Spider Tour X 2025 putter combineert de prestaties van een blade met de voordelen van een Mallet design: veel gevoel, balans en lengte controle. Face-balanced ontwerp, small slant hosel!","og_url":"https:\/\/tommes.informatica.gsf.nl\/?product=taylormade-spider-tour-x-black-small-slant-putter-2025","og_site_name":"Golf4all","article_modified_time":"2025-04-08T09:48:50+00:00","og_image":[{"width":750,"height":750,"url":"https:\/\/tommes.informatica.gsf.nl\/wp-content\/uploads\/2025\/04\/taylormade-taylormade-spider-tour-x-black-small-sl.webp","type":"image\/webp"}],"twitter_card":"summary_large_image","twitter_misc":{"Geschatte leestijd":"2 minuten"},"schema":{"@context":"https:\/\/schema.org","@graph":[{"@type":"WebPage","@id":"https:\/\/tommes.informatica.gsf.nl\/?product=taylormade-spider-tour-x-black-small-slant-putter-2025","url":"https:\/\/tommes.informatica.gsf.nl\/?product=taylormade-spider-tour-x-black-small-slant-putter-2025","name":"TaylorMade Spider Tour X Black Small Slant Putter 2025 - Golf4all","isPartOf":{"@id":"https:\/\/tommes.informatica.gsf.nl\/#website"},"primaryImageOfPage":{"@id":"https:\/\/tommes.informatica.gsf.nl\/?product=taylormade-spider-tour-x-black-small-slant-putter-2025#primaryimage"},"image":{"@id":"https:\/\/tommes.informatica.gsf.nl\/?product=taylormade-spider-tour-x-black-small-slant-putter-2025#primaryimage"},"thumbnailUrl":"https:\/\/tommes.informatica.gsf.nl\/wp-content\/uploads\/2025\/04\/taylormade-taylormade-spider-tour-x-black-small-sl.webp","datePublished":"2025-04-08T09:48:06+00:00","dateModified":"2025-04-08T09:48:50+00:00","breadcrumb":{"@id":"https:\/\/tommes.informatica.gsf.nl\/?product=taylormade-spider-tour-x-black-small-slant-putter-2025#breadcrumb"},"inLanguage":"nl-NL","potentialAction":[{"@type":"ReadAction","target":["https:\/\/tommes.informatica.gsf.nl\/?product=taylormade-spider-tour-x-black-small-slant-putter-2025"]}]},{"@type":"ImageObject","inLanguage":"nl-NL","@id":"https:\/\/tommes.informatica.gsf.nl\/?product=taylormade-spider-tour-x-black-small-slant-putter-2025#primaryimage","url":"https:\/\/tommes.informatica.gsf.nl\/wp-content\/uploads\/2025\/04\/taylormade-taylormade-spider-tour-x-black-small-sl.webp","contentUrl":"https:\/\/tommes.informatica.gsf.nl\/wp-content\/uploads\/2025\/04\/taylormade-taylormade-spider-tour-x-black-small-sl.webp","width":750,"height":750},{"@type":"BreadcrumbList","@id":"https:\/\/tommes.informatica.gsf.nl\/?product=taylormade-spider-tour-x-black-small-slant-putter-2025#breadcrumb","itemListElement":[{"@type":"ListItem","position":1,"name":"Home","item":"https:\/\/tommes.informatica.gsf.nl\/"},{"@type":"ListItem","position":2,"name":"TaylorMade Spider Tour X Black Small Slant Putter 2025"}]},{"@type":"WebSite","@id":"https:\/\/tommes.informatica.gsf.nl\/#website","url":"https:\/\/tommes.informatica.gsf.nl\/","name":"golf4all","description":"Van groot tot klein, iedereen kan een golfer zijn","potentialAction":[{"@type":"SearchAction","target":{"@type":"EntryPoint","urlTemplate":"https:\/\/tommes.informatica.gsf.nl\/?s={search_term_string}"},"query-input":{"@type":"PropertyValueSpecification","valueRequired":true,"valueName":"search_term_string"}}],"inLanguage":"nl-NL"}]}},"jetpack_sharing_enabled":true,"_links":{"self":[{"href":"https:\/\/tommes.informatica.gsf.nl\/index.php?rest_route=\/wp\/v2\/product\/291","targetHints":{"allow":["GET"]}}],"collection":[{"href":"https:\/\/tommes.informatica.gsf.nl\/index.php?rest_route=\/wp\/v2\/product"}],"about":[{"href":"https:\/\/tommes.informatica.gsf.nl\/index.php?rest_route=\/wp\/v2\/types\/product"}],"replies":[{"embeddable":true,"href":"https:\/\/tommes.informatica.gsf.nl\/index.php?rest_route=%2Fwp%2Fv2%2Fcomments&post=291"}],"wp:featuredmedia":[{"embeddable":true,"href":"https:\/\/tommes.informatica.gsf.nl\/index.php?rest_route=\/wp\/v2\/media\/292"}],"wp:attachment":[{"href":"https:\/\/tommes.informatica.gsf.nl\/index.php?rest_route=%2Fwp%2Fv2%2Fmedia&parent=291"}],"wp:term":[{"taxonomy":"product_brand","embeddable":true,"href":"https:\/\/tommes.informatica.gsf.nl\/index.php?rest_route=%2Fwp%2Fv2%2Fproduct_brand&post=291"},{"taxonomy":"product_cat","embeddable":true,"href":"https:\/\/tommes.informatica.gsf.nl\/index.php?rest_route=%2Fwp%2Fv2%2Fproduct_cat&post=291"},{"taxonomy":"product_tag","embeddable":true,"href":"https:\/\/tommes.informatica.gsf.nl\/index.php?rest_route=%2Fwp%2Fv2%2Fproduct_tag&post=291"}],"curies":[{"name":"wp","href":"https:\/\/api.w.org\/{rel}","templated":true}]}}